{"id":16001,"date":"2023-02-16T09:36:21","date_gmt":"2023-02-16T09:36:21","guid":{"rendered":"https:\/\/hotelalone.travelerwp.com\/?page_id=16001"},"modified":"2024-03-27T17:11:32","modified_gmt":"2024-03-27T10:11:32","slug":"restaurant-mini-bar","status":"publish","type":"page","link":"https:\/\/congfuhotel.com\/en\/restaurant-mini-bar\/","title":{"rendered":"Restaurant, mini bar"},"content":{"rendered":"\t\t<div data-elementor-type=\"wp-page\" data-elementor-id=\"16001\" class=\"elementor elementor-16001\">\n\t\t\t\t<div class=\"elementor-element elementor-element-672c680f animated-slow e-flex e-con-boxed elementor-invisible e-con e-parent\" data-id=\"672c680f\" data-element_type=\"container\" data-settings=\"{&quot;background_background&quot;:&quot;classic&quot;,&quot;animation&quot;:&quot;fadeIn&quot;,&quot;animation_delay&quot;:0}\" data-e-bg-lazyload=\"\" data-core-v316-plus=\"true\">\n\t\t\t\t\t<div class=\"e-con-inner\">\n\t\t<div class=\"elementor-element elementor-element-55cb4410 e-con-full elementor-hidden-tablet elementor-hidden-mobile e-flex e-con e-child\" data-id=\"55cb4410\" data-element_type=\"container\">\n\t\t\t\t<\/div>\n\t\t<div class=\"elementor-element elementor-element-597bf079 e-con-full animated-slow e-flex e-con e-child\" data-id=\"597bf079\" data-element_type=\"container\" data-settings=\"{&quot;animation&quot;:&quot;none&quot;,&quot;animation_delay&quot;:600}\">\n\t\t\t\t<div class=\"elementor-element elementor-element-50a70c59 elementor-invisible elementor-widget elementor-widget-heading\" data-id=\"50a70c59\" data-element_type=\"widget\" data-settings=\"{&quot;_animation&quot;:&quot;fadeInDown&quot;}\" data-widget_type=\"heading.default\">\n\t\t\t\t<div class=\"elementor-widget-container\">\n\t\t\t<h2 class=\"elementor-heading-title elementor-size-default\">Restaurant, mini bar<\/h2>\t\t<\/div>\n\t\t\t\t<\/div>\n\t\t\t\t<\/div>\n\t\t\t\t\t<\/div>\n\t\t\t\t<\/div>\n\t\t<div class=\"elementor-element elementor-element-43d3cdb5 e-flex e-con-boxed e-con e-parent\" data-id=\"43d3cdb5\" data-element_type=\"container\" data-settings=\"{&quot;background_background&quot;:&quot;classic&quot;}\" data-core-v316-plus=\"true\">\n\t\t\t\t\t<div class=\"e-con-inner\">\n\t\t<div class=\"elementor-element elementor-element-15994338 e-flex e-con-boxed e-con e-child\" data-id=\"15994338\" data-element_type=\"container\">\n\t\t\t\t\t<div class=\"e-con-inner\">\n\t\t<div class=\"elementor-element elementor-element-65c20137 e-con-full animated-slow e-flex elementor-invisible e-con e-child\" data-id=\"65c20137\" data-element_type=\"container\" data-settings=\"{&quot;animation&quot;:&quot;fadeIn&quot;}\">\n\t\t\t\t<div class=\"elementor-element elementor-element-511c4733 elementor-widget elementor-widget-heading\" data-id=\"511c4733\" data-element_type=\"widget\" data-widget_type=\"heading.default\">\n\t\t\t\t<div class=\"elementor-widget-container\">\n\t\t\t<h2 class=\"elementor-heading-title elementor-size-default\">The restaurant is spacious, airy, rich in local cultural identity<\/h2>\t\t<\/div>\n\t\t\t\t<\/div>\n\t\t\t\t<div class=\"elementor-element elementor-element-548d363a elementor-widget elementor-widget-text-editor\" data-id=\"548d363a\" data-element_type=\"widget\" data-widget_type=\"text-editor.default\">\n\t\t\t\t<div class=\"elementor-widget-container\">\n\t\t\t\t\t\t\t<p>Guests will enjoy specialty dishes only available in Bac Ha such as black chung cake, ginger meat, salted pork, five-color sticky rice, and hummus,&#8230; With a diverse menu, visitors can choose as they please. Choose dishes according to your preferences.<\/p>\t\t\t\t\t\t<\/div>\n\t\t\t\t<\/div>\n\t\t\t\t<div class=\"elementor-element elementor-element-4d09edb1 elementor-widget elementor-widget-heading\" data-id=\"4d09edb1\" data-element_type=\"widget\" data-widget_type=\"heading.default\">\n\t\t\t\t<div class=\"elementor-widget-container\">\n\t\t\t<h3 class=\"elementor-heading-title elementor-size-default\">OPENING HOURS<\/h3>\t\t<\/div>\n\t\t\t\t<\/div>\n\t\t\t\t<div class=\"elementor-element elementor-element-5681431f open_hours elementor-widget elementor-widget-text-editor\" data-id=\"5681431f\" data-element_type=\"widget\" data-widget_type=\"text-editor.default\">\n\t\t\t\t<div class=\"elementor-widget-container\">\n\t\t\t\t\t\t\t<table style=\"border-collapse: collapse; width: 100%; height: 34px;\">\n<tbody>\n<tr style=\"height: 24px;\">\n<td style=\"width: 50%; height: 24px;\"><span style=\"color: #a18458;\">Lunch<\/span><\/td>\n<td style=\"width: 50%; height: 24px;\"><span style=\"color: #a18458;\">11.30 \u2013 14.00h<\/span><\/td>\n<\/tr>\n<tr style=\"height: 24px;\">\n<td style=\"width: 50%; height: 10px;\"><span style=\"color: #a18458;\">Dinner<\/span><\/td>\n<td style=\"width: 50%; height: 10px;\"><span style=\"color: #a18458;\">17.30 \u2013 22.00h<\/span><\/td>\n<\/tr>\n<\/tbody>\n<\/table>\t\t\t\t\t\t<\/div>\n\t\t\t\t<\/div>\n\t\t\t\t<\/div>\n\t\t<div class=\"elementor-element elementor-element-43c5fa96 e-con-full elementor-hidden-mobile e-flex e-con e-child\" data-id=\"43c5fa96\" data-element_type=\"container\">\n\t\t\t\t<\/div>\n\t\t<div class=\"elementor-element elementor-element-71147508 e-con-full animated-slow e-flex elementor-invisible e-con e-child\" data-id=\"71147508\" data-element_type=\"container\" data-settings=\"{&quot;animation&quot;:&quot;fadeIn&quot;}\">\n\t\t\t\t<div class=\"elementor-element elementor-element-e3f649f elementor-hidden-tablet elementor-hidden-mobile elementor-widget elementor-widget-image\" data-id=\"e3f649f\" data-element_type=\"widget\" data-widget_type=\"image.default\">\n\t\t\t\t<div class=\"elementor-widget-container\">\n\t\t\t\t\t\t\t\t\t\t\t\t\t<img fetchpriority=\"high\" decoding=\"async\" width=\"1280\" height=\"622\" src=\"https:\/\/congfuhotel.com\/wp-content\/uploads\/2024\/01\/20190921-073643-largejpg.jpg\" class=\"attachment-full size-full wp-image-16877\" alt=\"\" srcset=\"https:\/\/congfuhotel.com\/wp-content\/uploads\/2024\/01\/20190921-073643-largejpg.jpg 1280w, https:\/\/congfuhotel.com\/wp-content\/uploads\/2024\/01\/20190921-073643-largejpg-768x373.jpg 768w, https:\/\/congfuhotel.com\/wp-content\/uploads\/2024\/01\/20190921-073643-largejpg-600x291.jpg 600w\" sizes=\"(max-width: 1280px) 100vw, 1280px\" \/>\t\t\t\t\t\t\t\t\t\t\t\t\t<\/div>\n\t\t\t\t<\/div>\n\t\t\t\t<div class=\"elementor-element elementor-element-b056e51 elementor-hidden-widescreen elementor-hidden-desktop elementor-hidden-laptop elementor-widget elementor-widget-image\" data-id=\"b056e51\" data-element_type=\"widget\" data-widget_type=\"image.default\">\n\t\t\t\t<div class=\"elementor-widget-container\">\n\t\t\t\t\t\t\t\t\t\t\t\t\t<img fetchpriority=\"high\" decoding=\"async\" width=\"1280\" height=\"622\" src=\"https:\/\/congfuhotel.com\/wp-content\/uploads\/2024\/01\/20190921-073643-largejpg.jpg\" class=\"attachment-full size-full wp-image-16877\" alt=\"\" srcset=\"https:\/\/congfuhotel.com\/wp-content\/uploads\/2024\/01\/20190921-073643-largejpg.jpg 1280w, https:\/\/congfuhotel.com\/wp-content\/uploads\/2024\/01\/20190921-073643-largejpg-768x373.jpg 768w, https:\/\/congfuhotel.com\/wp-content\/uploads\/2024\/01\/20190921-073643-largejpg-600x291.jpg 600w\" sizes=\"(max-width: 1280px) 100vw, 1280px\" \/>\t\t\t\t\t\t\t\t\t\t\t\t\t<\/div>\n\t\t\t\t<\/div>\n\t\t\t\t<\/div>\n\t\t\t\t\t<\/div>\n\t\t\t\t<\/div>\n\t\t<div class=\"elementor-element elementor-element-058d084 e-flex e-con-boxed e-con e-child\" data-id=\"058d084\" data-element_type=\"container\">\n\t\t\t\t\t<div class=\"e-con-inner\">\n\t\t<div class=\"elementor-element elementor-element-cae5b59 e-con-full e-flex e-con e-child\" data-id=\"cae5b59\" data-element_type=\"container\">\n\t\t\t\t<div class=\"elementor-element elementor-element-be319f5 animated-slow elementor-invisible elementor-widget elementor-widget-image\" data-id=\"be319f5\" data-element_type=\"widget\" data-settings=\"{&quot;_animation&quot;:&quot;fadeIn&quot;}\" data-widget_type=\"image.default\">\n\t\t\t\t<div class=\"elementor-widget-container\">\n\t\t\t\t\t\t\t\t\t\t\t\t\t<img decoding=\"async\" width=\"800\" height=\"600\" src=\"https:\/\/congfuhotel.com\/wp-content\/uploads\/2024\/01\/ly-eck-cafe-and-fast-food-386818.jpg\" class=\"attachment-full size-full wp-image-16873\" alt=\"\" srcset=\"https:\/\/congfuhotel.com\/wp-content\/uploads\/2024\/01\/ly-eck-cafe-and-fast-food-386818.jpg 800w, https:\/\/congfuhotel.com\/wp-content\/uploads\/2024\/01\/ly-eck-cafe-and-fast-food-386818-768x576.jpg 768w, https:\/\/congfuhotel.com\/wp-content\/uploads\/2024\/01\/ly-eck-cafe-and-fast-food-386818-600x450.jpg 600w\" sizes=\"(max-width: 800px) 100vw, 800px\" \/>\t\t\t\t\t\t\t\t\t\t\t\t\t<\/div>\n\t\t\t\t<\/div>\n\t\t\t\t<\/div>\n\t\t<div class=\"elementor-element elementor-element-ddd7e4e e-con-full elementor-hidden-mobile elementor-hidden-tablet e-flex e-con e-child\" data-id=\"ddd7e4e\" data-element_type=\"container\">\n\t\t\t\t<\/div>\n\t\t<div class=\"elementor-element elementor-element-6f81a51 e-con-full animated-slow e-flex elementor-invisible e-con e-child\" data-id=\"6f81a51\" data-element_type=\"container\" data-settings=\"{&quot;animation&quot;:&quot;fadeIn&quot;}\">\n\t\t\t\t<div class=\"elementor-element elementor-element-8ae9b2e elementor-widget elementor-widget-heading\" data-id=\"8ae9b2e\" data-element_type=\"widget\" data-widget_type=\"heading.default\">\n\t\t\t\t<div class=\"elementor-widget-container\">\n\t\t\t<h2 class=\"elementor-heading-title elementor-size-default\">Mini bar with a variety <br>of drinks<\/h2>\t\t<\/div>\n\t\t\t\t<\/div>\n\t\t\t\t<div class=\"elementor-element elementor-element-c074f58 elementor-widget elementor-widget-text-editor\" data-id=\"c074f58\" data-element_type=\"widget\" data-widget_type=\"text-editor.default\">\n\t\t\t\t<div class=\"elementor-widget-container\">\n\t\t\t\t\t\t\t<p>Coming to Bac Ha, visitors should at least try corn wine once. Cong Fu Hotel has the best corn wine, the corn kernels are carefully selected and cooked according to the traditional recipe of the Bac Ha people. In addition, we also serve drinks such as coffee, smoothies, juices, tea,&#8230;<\/p>\t\t\t\t\t\t<\/div>\n\t\t\t\t<\/div>\n\t\t\t\t<\/div>\n\t\t\t\t\t<\/div>\n\t\t\t\t<\/div>\n\t\t\t\t\t<\/div>\n\t\t\t\t<\/div>\n\t\t<div class=\"elementor-element elementor-element-4c35ad6 e-flex e-con-boxed e-con e-parent\" data-id=\"4c35ad6\" data-element_type=\"container\" data-core-v316-plus=\"true\">\n\t\t\t\t\t<div class=\"e-con-inner\">\n\t\t\t\t<div class=\"elementor-element elementor-element-001f7e0 elementor-widget__width-initial animated-slow elementor-invisible elementor-widget elementor-widget-heading\" data-id=\"001f7e0\" data-element_type=\"widget\" data-settings=\"{&quot;_animation&quot;:&quot;fadeIn&quot;}\" data-widget_type=\"heading.default\">\n\t\t\t\t<div class=\"elementor-widget-container\">\n\t\t\t<h2 class=\"elementor-heading-title elementor-size-default\">Enjoy once, remember for a lifetime<\/h2>\t\t<\/div>\n\t\t\t\t<\/div>\n\t\t\t\t<div class=\"elementor-element elementor-element-625a328 elementor-widget__width-initial animated-slow elementor-invisible elementor-widget elementor-widget-text-editor\" data-id=\"625a328\" data-element_type=\"widget\" data-settings=\"{&quot;_animation&quot;:&quot;fadeIn&quot;}\" data-widget_type=\"text-editor.default\">\n\t\t\t\t<div class=\"elementor-widget-container\">\n\t\t\t\t\t\t\t<p>Not only does it attract tourists with beautiful scenery, fresh air, and peace, Bac Ha also leaves visitors with unforgettable impressions with delicious specialties only found in Bac Ha. Coming to Bac Ha, don&#8217;t forget to enjoy the specialty dishes and drinks of the Northwest mountains!<\/p>\t\t\t\t\t\t<\/div>\n\t\t\t\t<\/div>\n\t\t\t\t<div class=\"elementor-element elementor-element-efc7ff7 animated-slow elementor-invisible elementor-widget elementor-widget-st_sliders\" data-id=\"efc7ff7\" data-element_type=\"widget\" data-settings=\"{&quot;_animation&quot;:&quot;fadeIn&quot;,&quot;slides_per_view&quot;:&quot;1&quot;}\" data-widget_type=\"st_sliders.default\">\n\t\t\t\t<div class=\"elementor-widget-container\">\n\t\t\t        <div class=\"st-sliders style-4\" data-effect=\"creative\" data-slides-per-view=\"1\" data-pagination=\"on\" data-navigation=\"on\" data-auto-play=\"off\" data-loop=\"false\" data-delay=\"\" data-center-slider=\"off\" data-style-slider=\"style-4\" data-space-between=\"0\" >\r\n            <div class=\"swiper-container\">\r\n                <div class=\"swiper-wrapper\">\r\n                                                <div class=\"swiper-slide\">\r\n                                <img decoding=\"async\" class=\"swiper-lazy\" src=\"http:\/\/congfuhotel.com\/wp-content\/uploads\/2024\/01\/xoi-ngu-sac-mon-an-hoi-tu-tinh-hoa-tay-bac-05.jpg\" alt=\"NH\u00c0 H\u00c0NG &amp; KH\u00c1CH S\u1ea0N CONG FU\">\r\n                            <\/div>\r\n                                                    <div class=\"swiper-slide\">\r\n                                <img decoding=\"async\" class=\"swiper-lazy\" src=\"http:\/\/congfuhotel.com\/wp-content\/uploads\/2024\/01\/ruou-ngo-bac-ha-tru-danh-tay-bac-3.jpeg\" alt=\"NH\u00c0 H\u00c0NG &amp; KH\u00c1CH S\u1ea0N CONG FU\">\r\n                            <\/div>\r\n                                                    <div class=\"swiper-slide\">\r\n                                <img decoding=\"async\" class=\"swiper-lazy\" src=\"http:\/\/congfuhotel.com\/wp-content\/uploads\/2024\/01\/2141212_e5f10ee2764d29d2f68b68ee2b262062.jpg\" alt=\"NH\u00c0 H\u00c0NG &amp; KH\u00c1CH S\u1ea0N CONG FU\">\r\n                            <\/div>\r\n                                        <\/div>\r\n\r\n\t\t\t\t<div class=\"swiper-pagination\"><\/div><div class=\"st-button-prev\"><span><\/span><\/div><div class=\"st-button-next\"><span><\/span><\/div>            <\/div>\r\n        <\/div>\r\n    \t\t<\/div>\n\t\t\t\t<\/div>\n\t\t\t\t\t<\/div>\n\t\t\t\t<\/div>\n\t\t<div class=\"elementor-element elementor-element-dc793d3 e-flex e-con-boxed e-con e-parent\" data-id=\"dc793d3\" data-element_type=\"container\" data-settings=\"{&quot;background_background&quot;:&quot;classic&quot;}\" data-core-v316-plus=\"true\">\n\t\t\t\t\t<div class=\"e-con-inner\">\n\t\t\t\t<div class=\"elementor-element elementor-element-cc23c10 elementor-widget__width-initial animated-slow elementor-invisible elementor-widget elementor-widget-heading\" data-id=\"cc23c10\" data-element_type=\"widget\" data-settings=\"{&quot;_animation&quot;:&quot;fadeIn&quot;}\" data-widget_type=\"heading.default\">\n\t\t\t\t<div class=\"elementor-widget-container\">\n\t\t\t<h2 class=\"elementor-heading-title elementor-size-default\">Bac Ha Corn Wine<\/h2>\t\t<\/div>\n\t\t\t\t<\/div>\n\t\t\t\t<div class=\"elementor-element elementor-element-2b1e287 elementor-widget__width-initial elementor-invisible elementor-widget elementor-widget-text-editor\" data-id=\"2b1e287\" data-element_type=\"widget\" data-settings=\"{&quot;_animation&quot;:&quot;fadeIn&quot;}\" data-widget_type=\"text-editor.default\">\n\t\t\t\t<div class=\"elementor-widget-container\">\n\t\t\t\t\t\t\t<p>Bac Ha corn wine or Ban Pho corn wine is a delicious specialty drink of the H&#8217;Mong and Dao people in Bac Ha District, Lao Cai province. Ban Pho corn wine has a strong aroma of corn and Hong Mi yeast mixed together, the color of the wine is as clear as spring water. When first drunk, corn wine has a very high concentration. then calm down. Wine gives us a feeling of confusion and euphoria&#8230; spicy&#8230; mellow&#8230;<\/p>\t\t\t\t\t\t<\/div>\n\t\t\t\t<\/div>\n\t\t\t\t<div class=\"elementor-element elementor-element-8db68ad animated-slow elementor-invisible elementor-widget elementor-widget-st_sliders\" data-id=\"8db68ad\" data-element_type=\"widget\" data-settings=\"{&quot;_animation&quot;:&quot;fadeIn&quot;,&quot;slides_per_view&quot;:&quot;1&quot;}\" data-widget_type=\"st_sliders.default\">\n\t\t\t\t<div class=\"elementor-widget-container\">\n\t\t\t        <div class=\"st-sliders style-4\" data-effect=\"creative\" data-slides-per-view=\"1\" data-pagination=\"on\" data-navigation=\"on\" data-auto-play=\"off\" data-loop=\"false\" data-delay=\"\" data-center-slider=\"off\" data-style-slider=\"style-4\" data-space-between=\"0\" >\r\n            <div class=\"swiper-container\">\r\n                <div class=\"swiper-wrapper\">\r\n                                                <div class=\"swiper-slide\">\r\n                                <img decoding=\"async\" class=\"swiper-lazy\" src=\"http:\/\/congfuhotel.com\/wp-content\/uploads\/2024\/01\/ruou-ngo-bac-ha-tru-danh-tay-bac-3-1.jpeg\" alt=\"NH\u00c0 H\u00c0NG &amp; KH\u00c1CH S\u1ea0N CONG FU\">\r\n                            <\/div>\r\n                                                    <div class=\"swiper-slide\">\r\n                                <img decoding=\"async\" class=\"swiper-lazy\" src=\"http:\/\/congfuhotel.com\/wp-content\/uploads\/2024\/01\/Ruou-ngo-Bac-Ha-Tinh-hoa-am-thuc-noi-cao-nguyen-trang-Lao-Cai-16-1622336791.jpg\" alt=\"NH\u00c0 H\u00c0NG &amp; KH\u00c1CH S\u1ea0N CONG FU\">\r\n                            <\/div>\r\n                                                    <div class=\"swiper-slide\">\r\n                                <img decoding=\"async\" class=\"swiper-lazy\" src=\"http:\/\/congfuhotel.com\/wp-content\/uploads\/2024\/01\/chen-ruou-ngo-men-la.jpg\" alt=\"NH\u00c0 H\u00c0NG &amp; KH\u00c1CH S\u1ea0N CONG FU\">\r\n                            <\/div>\r\n                                        <\/div>\r\n\r\n\t\t\t\t<div class=\"swiper-pagination\"><\/div><div class=\"st-button-prev\"><span><\/span><\/div><div class=\"st-button-next\"><span><\/span><\/div>            <\/div>\r\n        <\/div>\r\n    \t\t<\/div>\n\t\t\t\t<\/div>\n\t\t\t\t\t<\/div>\n\t\t\t\t<\/div>\n\t\t<div class=\"elementor-element elementor-element-74ba740 animated-slow e-flex e-con-boxed elementor-invisible e-con e-parent\" data-id=\"74ba740\" data-element_type=\"container\" data-settings=\"{&quot;background_background&quot;:&quot;classic&quot;,&quot;animation&quot;:&quot;fadeIn&quot;}\" data-e-bg-lazyload=\"\" data-core-v316-plus=\"true\">\n\t\t\t\t\t<div class=\"e-con-inner\">\n\t\t\t\t<div class=\"elementor-element elementor-element-8e6246a animated-slow elementor-invisible elementor-widget elementor-widget-heading\" data-id=\"8e6246a\" data-element_type=\"widget\" data-settings=\"{&quot;_animation&quot;:&quot;fadeIn&quot;}\" data-widget_type=\"heading.default\">\n\t\t\t\t<div class=\"elementor-widget-container\">\n\t\t\t<h2 class=\"elementor-heading-title elementor-size-default\">Specialties of Bac Ha and Lao Cai<\/h2>\t\t<\/div>\n\t\t\t\t<\/div>\n\t\t\t\t\t<\/div>\n\t\t\t\t<\/div>\n\t\t\t\t<\/div>\n\t\t","protected":false},"excerpt":{"rendered":"<p>Restaurant, mini bar The restaurant is spacious, airy, rich in local cultural identity Guests will enjoy specialty dishes only available in Bac Ha such as black chung cake, ginger meat, salted pork, five-color sticky rice, and hummus,&#8230; With a diverse menu, visitors can choose as they please. Choose dishes according to your preferences. OPENING HOURS [&hellip;]<\/p>\n","protected":false},"author":1,"featured_media":0,"parent":0,"menu_order":0,"comment_status":"closed","ping_status":"closed","template":"template-blank.php","meta":{"footnotes":""},"class_list":["post-16001","page","type-page","status-publish","has-post-thumbnail","hentry"],"_links":{"self":[{"href":"https:\/\/congfuhotel.com\/en\/wp-json\/wp\/v2\/pages\/16001","targetHints":{"allow":["GET"]}}],"collection":[{"href":"https:\/\/congfuhotel.com\/en\/wp-json\/wp\/v2\/pages"}],"about":[{"href":"https:\/\/congfuhotel.com\/en\/wp-json\/wp\/v2\/types\/page"}],"author":[{"embeddable":true,"href":"https:\/\/congfuhotel.com\/en\/wp-json\/wp\/v2\/users\/1"}],"replies":[{"embeddable":true,"href":"https:\/\/congfuhotel.com\/en\/wp-json\/wp\/v2\/comments?post=16001"}],"version-history":[{"count":144,"href":"https:\/\/congfuhotel.com\/en\/wp-json\/wp\/v2\/pages\/16001\/revisions"}],"predecessor-version":[{"id":18427,"href":"https:\/\/congfuhotel.com\/en\/wp-json\/wp\/v2\/pages\/16001\/revisions\/18427"}],"wp:attachment":[{"href":"https:\/\/congfuhotel.com\/en\/wp-json\/wp\/v2\/media?parent=16001"}],"curies":[{"name":"wp","href":"https:\/\/api.w.org\/{rel}","templated":true}]}}